{"id":577,"date":"2022-04-20T18:23:09","date_gmt":"2022-04-20T16:23:09","guid":{"rendered":"https:\/\/theyouconnection.nl\/?page_id=577"},"modified":"2022-11-11T15:10:35","modified_gmt":"2022-11-11T14:10:35","slug":"testimonials","status":"publish","type":"page","link":"https:\/\/theyouconnection.nl\/en\/testimonials\/","title":{"rendered":"testimonials"},"content":{"rendered":"<div class=\"row index-up\"  id=\"row-1716637102\">\n\n\t<div id=\"col-1804393772\" class=\"col index-up small-12 large-12\"  >\n\t\t\t\t<div class=\"col-inner\"  >\n\t\t\t\n\t\t\t\n\t<section class=\"section index-up dark has-parallax\" id=\"section_1518165089\">\n\t\t<div class=\"bg section-bg fill bg-fill  \" data-parallax-container=\".section\" data-parallax-background data-parallax=\"-3\">\n\n\t\t\t\n\t\t\t<div class=\"section-bg-overlay absolute fill\"><\/div>\n\t\t\t\n\n\t\t<\/div>\n\n\t\t\n\n\t\t<div class=\"section-content relative\">\n\t\t\t\n<div class=\"row align-center\"  id=\"row-1618386277\">\n\n\t<div id=\"col-226245185\" class=\"col medium-9 small-12 large-7\"  data-animate=\"bounceInUp\">\n\t\t\t\t<div class=\"col-inner text-center\"  >\n\t\t\t\n\t\t\t\n\t<div id=\"gap-1642054421\" class=\"gap-element clearfix\" style=\"display:block; height:auto;\">\n\t\t\n<style>\n#gap-1642054421 {\n  padding-top: 30px;\n}\n<\/style>\n\t<\/div>\n\t\n\t<div id=\"text-898051943\" class=\"text tagline\">\n\t\t\n<p>Testimonials<\/p>\n\t\t\t<\/div>\n\t\n\t<div id=\"text-904214973\" class=\"text\">\n\t\t\n<h1>What other people say<\/h1>\n\t\t\n<style>\n#text-904214973 {\n  font-size: 1.75rem;\n}\n<\/style>\n\t<\/div>\n\t\n\t\t<\/div>\n\t\t\t\t\t<\/div>\n\n\t\n<\/div>\n\t\t<\/div>\n\n\t\t\n<style>\n#section_1518165089 {\n  padding-top: 30px;\n  padding-bottom: 30px;\n  margin-bottom: -190px;\n  min-height: 450px;\n  background-color: rgba(255, 255, 255, 0);\n}\n#section_1518165089 .section-bg-overlay {\n  background-color: rgba(0, 0, 0, 0.157);\n}\n#section_1518165089 .section-bg.bg-loaded {\n  background-image: url(https:\/\/theyouconnection.nl\/wp-content\/uploads\/2022\/04\/gerrie-van-der-walt-GhrMZUltsMU-unsplash-1.jpg);\n}\n#section_1518165089 .section-bg {\n  background-position: 50% 50%;\n}\n#section_1518165089 .ux-shape-divider--top svg {\n  height: 150px;\n  --divider-top-width: 100%;\n}\n#section_1518165089 .ux-shape-divider--bottom svg {\n  height: 150px;\n  --divider-width: 100%;\n}\n<\/style>\n\t<\/section>\n\t\n\t\t<\/div>\n\t\t\t\t\t<\/div>\n\n\t\n<\/div>\n\t<section class=\"section testimonials\" id=\"section_1371205872\">\n\t\t<div class=\"bg section-bg fill bg-fill  bg-loaded\" >\n\n\t\t\t\n\t\t\t\n\t\t\t\n\n\t\t<\/div>\n\n\t\t\n\n\t\t<div class=\"section-content relative\">\n\t\t\t\n\t<div id=\"gap-1132917245\" class=\"gap-element clearfix\" style=\"display:block; height:auto;\">\n\t\t\n<style>\n#gap-1132917245 {\n  padding-top: 220px;\n}\n<\/style>\n\t<\/div>\n\t\n<div class=\"row\"  id=\"row-243756360\">\n\n\t<div id=\"col-1701701636\" class=\"col medium-12 small-12 large-4\"  >\n\t\t\t\t<div class=\"col-inner\"  >\n\t\t\t\n\t\t\t\n<div class=\"row\"  id=\"row-585129402\">\n\n\t<div id=\"col-1158112476\" class=\"col small-12 large-12\"  >\n\t\t\t\t<div class=\"col-inner\" style=\"background-color:rgb(253, 251, 246);\" >\n\t\t\t\n\t\t\t\n  <div class=\"icon-box testimonial-box icon-box-left text-left\">\n                <div class=\"icon-box-text p-last-0\">\n          <div class=\"star-rating\"><span style=\"width:100%\"><strong class=\"rating\"><\/strong><\/span><\/div>  \t\t\t\t<div class=\"testimonial-text line-height-small italic test_text first-reset last-reset is-italic\">\n            \n\t<div id=\"gap-534433733\" class=\"gap-element clearfix\" style=\"display:block; height:auto;\">\n\t\t\n<style>\n#gap-534433733 {\n  padding-top: 5px;\n}\n<\/style>\n\t<\/div>\n\t\n          <\/div>\n          <div class=\"testimonial-meta pt-half\">\n             <strong class=\"testimonial-name test_name\"><\/strong>\n                          <span class=\"testimonial-company test_company\"><\/span>\n          <\/div>\n        <\/div>\n  <\/div>\n\n  \n<p class=\"p2\">Thank you for the beautiful and very intense session. I really had to recover from it, very special, how you, in such a short time know to point out the real issues in my life\u2026 and like you said, I also have the feeling that this is just the beginning. However, it already feels good, as if some kind of peace has fallen in me. I would like to make a follow-up appointment.<\/p>\n<h5><strong>~ Doctor<\/strong><\/h5>\n\t\t<\/div>\n\t\t\t\t\n<style>\n#col-1158112476 > .col-inner {\n  padding: 10% 12% 8% 12%;\n  border-radius: 5px;\n}\n<\/style>\n\t<\/div>\n\n\t\n\n\t<div id=\"col-466053395\" class=\"col small-12 large-12\"  >\n\t\t\t\t<div class=\"col-inner\" style=\"background-color:rgb(253, 251, 246);\" >\n\t\t\t\n\t\t\t\n  <div class=\"icon-box testimonial-box icon-box-left text-left\">\n                <div class=\"icon-box-text p-last-0\">\n          <div class=\"star-rating\"><span style=\"width:100%\"><strong class=\"rating\"><\/strong><\/span><\/div>  \t\t\t\t<div class=\"testimonial-text line-height-small italic test_text first-reset last-reset is-italic\">\n            \n\t<div id=\"gap-1510426424\" class=\"gap-element clearfix\" style=\"display:block; height:auto;\">\n\t\t\n<style>\n#gap-1510426424 {\n  padding-top: 5px;\n}\n<\/style>\n\t<\/div>\n\t\n          <\/div>\n          <div class=\"testimonial-meta pt-half\">\n             <strong class=\"testimonial-name test_name\"><\/strong>\n                          <span class=\"testimonial-company test_company\"><\/span>\n          <\/div>\n        <\/div>\n  <\/div>\n\n  \n<p class=\"p1\">I look back on my session with a good feeling. It was a beautiful experience, and it also gave me some air to get to my feelings. I literally felt and walked lighter down the street afterwards.\u00a0I notice that I breathe a little deeper and more conscious. I do regularly tell myself that certain things are not in my circle of influence.<\/p>\n<h5><strong>~ High school teacher<br \/><\/strong><\/h5>\n\t\t<\/div>\n\t\t\t\t\n<style>\n#col-466053395 > .col-inner {\n  padding: 10% 12% 8% 12%;\n  border-radius: 5px;\n}\n<\/style>\n\t<\/div>\n\n\t\n<\/div>\n\t\t<\/div>\n\t\t\t\t\t<\/div>\n\n\t\n\n\t<div id=\"col-105612774\" class=\"col medium-12 small-12 large-4\"  >\n\t\t\t\t<div class=\"col-inner\"  >\n\t\t\t\n\t\t\t\n<div class=\"row\"  id=\"row-1517403499\">\n\n\t<div id=\"col-1534491732\" class=\"col small-12 large-12\"  >\n\t\t\t\t<div class=\"col-inner\" style=\"background-color:rgb(253, 251, 246);\" >\n\t\t\t\n\t\t\t\n  <div class=\"icon-box testimonial-box icon-box-left text-left\">\n                <div class=\"icon-box-text p-last-0\">\n          <div class=\"star-rating\"><span style=\"width:100%\"><strong class=\"rating\"><\/strong><\/span><\/div>  \t\t\t\t<div class=\"testimonial-text line-height-small italic test_text first-reset last-reset is-italic\">\n            \n\t<div id=\"gap-1457883365\" class=\"gap-element clearfix\" style=\"display:block; height:auto;\">\n\t\t\n<style>\n#gap-1457883365 {\n  padding-top: 5px;\n}\n<\/style>\n\t<\/div>\n\t\n          <\/div>\n          <div class=\"testimonial-meta pt-half\">\n             <strong class=\"testimonial-name test_name\"><\/strong>\n                          <span class=\"testimonial-company test_company\"><\/span>\n          <\/div>\n        <\/div>\n  <\/div>\n\n  \n<div dir=\"auto\">\u00a0<\/div>\n<div dir=\"auto\">I just realized recently that since my early childhood I used to hide the core of who I am. As if it was dangerous to show myself to others. I was afraid that I could not fit in. I was afraid that others could reject me. Frederique opened a door to parts of my soul that were hidden behind my survival patterns. She invited that weird part of myself that still holds a lot of pain and therefore a lot of treasures. Embracing that I survived that crucial time in my early life opened up a whole new world to me: a world of deep emotions of pain and joy. Since then I feel much more balanced and whole within. Life can be so effortless if you stop suppressing who you are.<\/div>\n<h5><strong>~ Michael &#8211; Berlin &#8211; <i>Heilpraktiker f\u00fcr Psychotherapie<\/i><\/strong><\/h5>\n\t\t<\/div>\n\t\t\t\t\n<style>\n#col-1534491732 > .col-inner {\n  padding: 10% 12% 8% 12%;\n  border-radius: 5px;\n}\n<\/style>\n\t<\/div>\n\n\t\n\n\t<div id=\"col-424398016\" class=\"col small-12 large-12\"  >\n\t\t\t\t<div class=\"col-inner\" style=\"background-color:rgb(253, 251, 246);\" >\n\t\t\t\n\t\t\t\n  <div class=\"icon-box testimonial-box icon-box-left text-left\">\n                <div class=\"icon-box-text p-last-0\">\n          <div class=\"star-rating\"><span style=\"width:100%\"><strong class=\"rating\"><\/strong><\/span><\/div>  \t\t\t\t<div class=\"testimonial-text line-height-small italic test_text first-reset last-reset is-italic\">\n            \n\t<div id=\"gap-1451709772\" class=\"gap-element clearfix\" style=\"display:block; height:auto;\">\n\t\t\n<style>\n#gap-1451709772 {\n  padding-top: 5px;\n}\n<\/style>\n\t<\/div>\n\t\n          <\/div>\n          <div class=\"testimonial-meta pt-half\">\n             <strong class=\"testimonial-name test_name\"><\/strong>\n                          <span class=\"testimonial-company test_company\"><\/span>\n          <\/div>\n        <\/div>\n  <\/div>\n\n  \n<p class=\"p1\">Our session started with a careful explanation of the method. We searched together for my core issue at that moment. For me, it was about what is my responsibility and where does that end and how do I set a valid boundary? Fr\u00e9d\u00e9rique had a fine balance of distance and proximity in that search process. Fr\u00e9d\u00e9rique carefully tuned in and gave me all the space I needed to indicate where and how I experience this in my body. I discovered that a different way of breathing literally gave more space to feel where I am. She made me feel that I have a lot more power than I thought I had. A gift!<\/p>\n<h5><strong>~ Psychologist<\/strong><\/h5>\n\t\t<\/div>\n\t\t\t\t\n<style>\n#col-424398016 > .col-inner {\n  padding: 10% 12% 8% 12%;\n  border-radius: 5px;\n}\n<\/style>\n\t<\/div>\n\n\t\n<\/div>\n<div class=\"row\"  id=\"row-2122341759\">\n\n\t<div id=\"col-82602436\" class=\"col small-12 large-12\"  >\n\t\t\t\t<div class=\"col-inner\"  >\n\t\t\t\n\t\t\t\n\t\t<\/div>\n\t\t\t\t\t<\/div>\n\n\t\n<\/div>\n\t\t<\/div>\n\t\t\t\t\t<\/div>\n\n\t\n\n\t<div id=\"col-1684806832\" class=\"col medium-12 small-12 large-4\"  >\n\t\t\t\t<div class=\"col-inner\"  >\n\t\t\t\n\t\t\t\n<div class=\"row\"  id=\"row-671989957\">\n\n\t<div id=\"col-675400860\" class=\"col small-12 large-12\"  >\n\t\t\t\t<div class=\"col-inner\" style=\"background-color:rgb(253, 251, 246);\" >\n\t\t\t\n\t\t\t\n  <div class=\"icon-box testimonial-box icon-box-left text-left\">\n                <div class=\"icon-box-text p-last-0\">\n          <div class=\"star-rating\"><span style=\"width:100%\"><strong class=\"rating\"><\/strong><\/span><\/div>  \t\t\t\t<div class=\"testimonial-text line-height-small italic test_text first-reset last-reset is-italic\">\n            \n\t<div id=\"gap-1693368533\" class=\"gap-element clearfix\" style=\"display:block; height:auto;\">\n\t\t\n<style>\n#gap-1693368533 {\n  padding-top: 5px;\n}\n<\/style>\n\t<\/div>\n\t\n          <\/div>\n          <div class=\"testimonial-meta pt-half\">\n             <strong class=\"testimonial-name test_name\"><\/strong>\n                          <span class=\"testimonial-company test_company\"><\/span>\n          <\/div>\n        <\/div>\n  <\/div>\n\n  \n<p class=\"p1\">I found the treatment very pleasant, to feel my body again. What happened that day is that when I cycled home, I felt like I had been very far away and was now back in civilization. I felt very relaxed, everything done at a leisurely pace. At the end of the afternoon, I became light-headed, dizzy. I began to sweat in my neck and on my forehead. Later that evening I felt very tired and a tingling in my arms and legs. I slept relaxed. The next day I felt very relaxed and calm. It feels like I&#8217;m deeper in my body&#8230;. I would love to book another treatment with you in a few weeks!<\/p>\n<h5><strong>~ Creative director<\/strong><\/h5>\n\t\t<\/div>\n\t\t\t\t\n<style>\n#col-675400860 > .col-inner {\n  padding: 10% 12% 8% 12%;\n  border-radius: 5px;\n}\n<\/style>\n\t<\/div>\n\n\t\n\n\t<div id=\"col-1233144946\" class=\"col small-12 large-12\"  >\n\t\t\t\t<div class=\"col-inner\" style=\"background-color:rgb(253, 251, 246);\" >\n\t\t\t\n\t\t\t\n  <div class=\"icon-box testimonial-box icon-box-left text-left\">\n                <div class=\"icon-box-text p-last-0\">\n          <div class=\"star-rating\"><span style=\"width:100%\"><strong class=\"rating\"><\/strong><\/span><\/div>  \t\t\t\t<div class=\"testimonial-text line-height-small italic test_text first-reset last-reset is-italic\">\n            \n\t<div id=\"gap-1423937996\" class=\"gap-element clearfix\" style=\"display:block; height:auto;\">\n\t\t\n<style>\n#gap-1423937996 {\n  padding-top: 5px;\n}\n<\/style>\n\t<\/div>\n\t\n          <\/div>\n          <div class=\"testimonial-meta pt-half\">\n             <strong class=\"testimonial-name test_name\"><\/strong>\n                          <span class=\"testimonial-company test_company\"><\/span>\n          <\/div>\n        <\/div>\n  <\/div>\n\n  \n<p class=\"p1\">Fr\u00e9d\u00e9rique guided me through several sessions, all circling about the topic of taking the space I need \u2013 be it physically, in my professional life or in my personal relationships. Being a great listener to both words and the body, Fr\u00e9d\u00e9rique met me with just the right amount of pressure to work against it, to take my space. Those sessions were very intense and a real game changer. Fr\u00e9d\u00e9rique is an exceptionally warm-hearted and empathic person and an excellent practitioner with just the perfect combination of knowing life in its depths and facing it with her great sense of humour.<\/p>\n<h5><strong>~ Communication advisor and shiatsu teacher<br \/><\/strong><\/h5>\n\t\t<\/div>\n\t\t\t\t\n<style>\n#col-1233144946 > .col-inner {\n  padding: 10% 12% 8% 12%;\n  border-radius: 5px;\n}\n<\/style>\n\t<\/div>\n\n\t\n<\/div>\n\t\t<\/div>\n\t\t\t\t\t<\/div>\n\n\t\n<\/div>\n\t\t<\/div>\n\n\t\t\n<style>\n#section_1371205872 {\n  padding-top: 30px;\n  padding-bottom: 30px;\n  background-color: rgb(246, 239, 233);\n}\n#section_1371205872 .ux-shape-divider--top svg {\n  height: 150px;\n  --divider-top-width: 100%;\n}\n#section_1371205872 .ux-shape-divider--bottom svg {\n  height: 150px;\n  --divider-width: 100%;\n}\n<\/style>\n\t<\/section>\n\t\n","protected":false},"excerpt":{"rendered":"","protected":false},"author":2,"featured_media":0,"parent":0,"menu_order":0,"comment_status":"closed","ping_status":"closed","template":"page-blank.php","meta":{"inline_featured_image":false,"footnotes":""},"class_list":["post-577","page","type-page","status-publish","hentry"],"_links":{"self":[{"href":"https:\/\/theyouconnection.nl\/en\/wp-json\/wp\/v2\/pages\/577","targetHints":{"allow":["GET"]}}],"collection":[{"href":"https:\/\/theyouconnection.nl\/en\/wp-json\/wp\/v2\/pages"}],"about":[{"href":"https:\/\/theyouconnection.nl\/en\/wp-json\/wp\/v2\/types\/page"}],"author":[{"embeddable":true,"href":"https:\/\/theyouconnection.nl\/en\/wp-json\/wp\/v2\/users\/2"}],"replies":[{"embeddable":true,"href":"https:\/\/theyouconnection.nl\/en\/wp-json\/wp\/v2\/comments?post=577"}],"version-history":[{"count":18,"href":"https:\/\/theyouconnection.nl\/en\/wp-json\/wp\/v2\/pages\/577\/revisions"}],"predecessor-version":[{"id":712,"href":"https:\/\/theyouconnection.nl\/en\/wp-json\/wp\/v2\/pages\/577\/revisions\/712"}],"wp:attachment":[{"href":"https:\/\/theyouconnection.nl\/en\/wp-json\/wp\/v2\/media?parent=577"}],"curies":[{"name":"wp","href":"https:\/\/api.w.org\/{rel}","templated":true}]}}